{"id":6,"date":"2019-09-05T09:24:59","date_gmt":"2019-09-05T07:24:59","guid":{"rendered":"http:\/\/peperoni.comkey.net\/?page_id=6"},"modified":"2024-10-16T18:04:25","modified_gmt":"2024-10-16T16:04:25","slug":"accueil","status":"publish","type":"page","link":"https:\/\/saumonetcaviar.com\/fr\/","title":{"rendered":"Accueil"},"content":{"rendered":"<p>[vc_row full_width=\u00a0\u00bbstretch_row_content_no_spaces\u00a0\u00bb][vc_column]<div class=\"wpbakery-slider wpbakery-slider-layout5 owl-carousel owl-theme\" id=\"wpbakery_4zoxtu3xdhrf\">\n                <div class=\"item\" data-position=\"left\" data-has-subtitle=\"1\" data-slide=\"0\">\n        <div class=\"picture\" style=\"background-image: url('https:\/\/saumonetcaviar.com\/wp-content\/uploads\/2021\/04\/saumon-caviar-cannes-forville-2.jpg');\">\n                      <div class=\"content\">\n              <div class=\"layout\">\n                \n                                  <div class=\"title\">La Compagnie des Saumons &amp; Caviars<\/div>\n                \n                                  <div class=\"subtitle\" data-typed=\"Votre \u00e9picerie fine \u00e0 Cannes et Nice\">\n                                          &nbsp;\n                                      <\/div>\n                \n                              <\/div>\n                      <\/div>\n        <\/div>\n      <\/div>\n                    <div class=\"item\" data-position=\"left\" data-has-subtitle=\"1\" data-slide=\"1\">\n        <div class=\"picture\" style=\"background-image: url('https:\/\/saumonetcaviar.com\/wp-content\/uploads\/2021\/04\/tarama.jpg');\">\n                      <div class=\"content\">\n              <div class=\"layout\">\n                \n                                  <div class=\"title\">Sp\u00e9cialit\u00e9s de la mer<\/div>\n                \n                                  <div class=\"subtitle\" data-typed=\"\">\n                                          Poissons fum\u00e9s, crabes, taramas, oeufs de poisson et aussi la c\u00e9l\u00e8bre poutargue                                      <\/div>\n                \n                              <\/div>\n                      <\/div>\n        <\/div>\n      <\/div>\n                    <div class=\"item\" data-position=\"left\" data-has-subtitle=\"1\" data-slide=\"2\">\n        <div class=\"picture\" style=\"background-image: url('https:\/\/saumonetcaviar.com\/wp-content\/uploads\/2021\/04\/caviar-petrossian-alpes-maritimes.jpg');\">\n                      <div class=\"content\">\n              <div class=\"layout\">\n                \n                                  <div class=\"title\">Nos caviars<\/div>\n                \n                                  <div class=\"subtitle\" data-typed=\"\">\n                                          Notre boutique est d\u00e9positaire officiel de la maison Petrossian                                      <\/div>\n                \n                              <\/div>\n                      <\/div>\n        <\/div>\n      <\/div>\n                          <\/div>[\/vc_column][\/vc_row][vc_row][vc_column]<div class=\"wpbakery-contact-line wpbakery-contact-line-layout1\" data-formId=\"5\" data-field-1=\"your-name\" data-field-2=\"your-email\" data-field-3=\"your-message\">\n  <div class=\"contact-line-container\">\n    <div class=\"field-1\">\n      <input type=\"text\" name=\"your-name\" placeholder=\"Nom\" value=\"\" \/>\n    <\/div>\n    <div class=\"field-2\">\n      <input type=\"text\" name=\"your-email\" placeholder=\"E-mail\" value=\"\" \/>\n    <\/div>\n    <div class=\"field-3\">\n      <input type=\"text\" name=\"your-message\" placeholder=\"Message\" value=\"\" \/>\n    <\/div>\n    <div>\n      <input type=\"button\" class=\"submit-form\" value=\"Nous contacter\" \/>\n    <\/div>\n  <\/div>\n\n  <div class=\"contact-form-7\"><div role=\"form\" class=\"wpcf7\" id=\"wpcf7-f5-o1\" lang=\"fr-FR\" dir=\"ltr\">\n<div class=\"screen-reader-response\"><p role=\"status\" aria-live=\"polite\" aria-atomic=\"true\"><\/p> <ul><\/ul><\/div>\n<form action=\"\/fr\/wp-json\/wp\/v2\/pages\/6#wpcf7-f5-o1\" method=\"post\" class=\"wpcf7-form init\" novalidate=\"novalidate\" data-status=\"init\">\n<div style=\"display: none;\">\n<input type=\"hidden\" name=\"_wpcf7\" value=\"5\" \/>\n<input type=\"hidden\" name=\"_wpcf7_version\" value=\"5.4.1\" \/>\n<input type=\"hidden\" name=\"_wpcf7_locale\" value=\"fr_FR\" \/>\n<input type=\"hidden\" name=\"_wpcf7_unit_tag\" value=\"wpcf7-f5-o1\" \/>\n<input type=\"hidden\" name=\"_wpcf7_container_post\" value=\"0\" \/>\n<input type=\"hidden\" name=\"_wpcf7_posted_data_hash\" value=\"\" \/>\n<\/div>\n<p><span class=\"wpcf7-form-control-wrap your-name\"><input type=\"text\" name=\"your-name\" value=\"\" size=\"40\" class=\"wpcf7-form-control wpcf7-text wpcf7-validates-as-required\" aria-required=\"true\" aria-invalid=\"false\" placeholder=\"Nom\" \/><\/span><br \/>\n<span class=\"wpcf7-form-control-wrap your-email\"><input type=\"email\" name=\"your-email\" value=\"\" size=\"40\" class=\"wpcf7-form-control wpcf7-text wpcf7-email wpcf7-validates-as-required wpcf7-validates-as-email\" aria-required=\"true\" aria-invalid=\"false\" placeholder=\"E-mail\" \/><\/span><br \/>\n<span class=\"wpcf7-form-control-wrap your-subject\"><input type=\"text\" name=\"your-subject\" value=\"\" size=\"40\" class=\"wpcf7-form-control wpcf7-text\" aria-invalid=\"false\" placeholder=\"Sujet\" \/><\/span><br \/>\n<span class=\"wpcf7-form-control-wrap your-message\"><textarea name=\"your-message\" cols=\"40\" rows=\"10\" class=\"wpcf7-form-control wpcf7-textarea wpcf7-validates-as-required\" aria-required=\"true\" aria-invalid=\"false\" placeholder=\"Message\"><\/textarea><\/span><\/p>\n<p><span class=\"wpcf7-form-control-wrap hcap_cf7-h-captcha-invalid\"><span id=\"hcap_cf7-69d952699b7aa2.83050448\" class=\"wpcf7-form-control h-captcha hcap_cf7-h-captcha\" data-sitekey=\"29509b65-7303-4ef8-a602-bb615039e2f8\" data-theme=\"light\" data-size=\"normal\"><\/span><\/span><input type=\"hidden\" id=\"hcaptcha_contact_form7\" name=\"hcaptcha_contact_form7\" value=\"560114eefa\" \/><input type=\"hidden\" name=\"_wp_http_referer\" value=\"\/fr\/wp-json\/wp\/v2\/pages\/6\" \/><br><input type=\"submit\" value=\"Envoyer\" class=\"wpcf7-form-control wpcf7-submit\" \/><\/p>\n<div class=\"wpcf7-response-output\" aria-hidden=\"true\"><\/div><\/form><\/div><\/div>\n<\/div>[\/vc_column][\/vc_row][vc_row full_width=\u00a0\u00bbstretch_row\u00a0\u00bb css=\u00a0\u00bb.vc_custom_1669041000812{background-color: #f5f5f5 !important;}\u00a0\u00bb][vc_column width=\u00a0\u00bb1\/2&Prime;][vc_single_image image=\u00a0\u00bb600&Prime; img_size=\u00a0\u00bbbig\u00a0\u00bb][\/vc_column][vc_column width=\u00a0\u00bb1\/2&Prime;]  <div class=\"empty-space empty-space-mobile\" style=\"height: 40px;\"><\/div>\n\n  <div class=\"empty-space empty-space-tablet\" style=\"height: 40px;\"><\/div>\n\n  <div class=\"empty-space empty-space-desktop\" style=\"height: 100px;\"><\/div>\n<h2  class=\"cc-title cc-title-center \"\nstyle=\"\">\n  <span>Id\u00e9e cadeau pour les gourmands...<\/span>\n<\/h2>[vc_column_text]<\/p>\n<p style=\"text-align: center;\">Faites plaisir \u00e0 vos proches avec un ch\u00e8que cadeau afin qu&rsquo;ils d\u00e9couvrent les produits de notre \u00e9picerie fine.<br \/>\n<strong><a href=\"https:\/\/saumonetcaviar.com\/fr\/contact\/\">Rendez-vous en boutique<\/a><\/strong><\/p>\n<p>[\/vc_column_text][\/vc_column][\/vc_row][vc_row][vc_column width=\u00a0\u00bb1\/3&Prime;][\/vc_column][vc_column width=\u00a0\u00bb1\/3&Prime;][vc_single_image image=\u00a0\u00bb283&Prime; img_size=\u00a0\u00bbmedium\u00a0\u00bb][\/vc_column][vc_column width=\u00a0\u00bb1\/3&Prime;][\/vc_column][\/vc_row][vc_row][vc_column]  <div class=\"empty-space empty-space-mobile\" style=\"height: 20px;\"><\/div>\n\n  <div class=\"empty-space empty-space-tablet\" style=\"height: 20px;\"><\/div>\n\n  <div class=\"empty-space empty-space-desktop\" style=\"height: 40px;\"><\/div>\n<h2  class=\"cc-title cc-title-center \"\nstyle=\"\">\n  <span>Les produits de notre \u00e9picerie fine<\/span>\n<\/h2>[vc_column_text]<\/p>\n<p style=\"text-align: center;\">Authentiques <strong>caviars Petrossian<\/strong>, <strong>poissons fum\u00e9s<\/strong>, <strong>oeufs de poissons<\/strong>, <strong>crabe royal<\/strong>, <strong>taramas<\/strong>, <strong>poutarge<\/strong>, <strong>harengs<\/strong>, <strong>vodka<\/strong> et <strong>aquavit<\/strong>&#8230;<br \/>\nLaissez-vous tenter !<\/p>\n<p>[\/vc_column_text]  <div class=\"wpbakery-portfolio wpbakery-portfolio-layout10\" data-items-row=\"3\">\n    \n          <div class=\"portfolio-container\">\n      \t                    <div class=\"item\">\n            <div class=\"item-container\">\n              <a href=\"https:\/\/saumonetcaviar.com\/fr\/boutique\/caviars\/caviar-baika\/\">\n                <div class=\"picture\" style=\"background-image: url('https:\/\/saumonetcaviar.com\/wp-content\/uploads\/2021\/03\/caviar-baika-imperial.jpg');\">\n                  <div class=\"info\">Caviar Baika<\/div>\n                  <div class=\"more\"><i class=\"fa fa-search\" aria-hidden=\"true\"><\/i><\/div>\n                <\/div>\n              <\/a>\n            <\/div>\n          <\/div>\n                                      <div class=\"item\">\n            <div class=\"item-container\">\n              <a href=\"https:\/\/saumonetcaviar.com\/fr\/boutique\/caviars\/caviar-ossetra-petrossian\/\">\n                <div class=\"picture\" style=\"background-image: url('https:\/\/saumonetcaviar.com\/wp-content\/uploads\/2021\/03\/caviar-ossetra-petrossian.jpg');\">\n                  <div class=\"info\">Caviar Ossetra \/ Oscietre<\/div>\n                  <div class=\"more\"><i class=\"fa fa-search\" aria-hidden=\"true\"><\/i><\/div>\n                <\/div>\n              <\/a>\n            <\/div>\n          <\/div>\n                                      <div class=\"item\">\n            <div class=\"item-container\">\n              <a href=\"https:\/\/saumonetcaviar.com\/fr\/boutique\/caviars\/caviar-daurenki\/\">\n                <div class=\"picture\" style=\"background-image: url('https:\/\/saumonetcaviar.com\/wp-content\/uploads\/2021\/03\/caviar-daurenki-petrossian.jpg');\">\n                  <div class=\"info\">Caviar Daurenki<\/div>\n                  <div class=\"more\"><i class=\"fa fa-search\" aria-hidden=\"true\"><\/i><\/div>\n                <\/div>\n              <\/a>\n            <\/div>\n          <\/div>\n                        <\/div>\n\n            <\/div>\n  <div class=\"empty-space empty-space-mobile\" style=\"height: 20px;\"><\/div>\n\n  <div class=\"empty-space empty-space-tablet\" style=\"height: 20px;\"><\/div>\n\n  <div class=\"empty-space empty-space-desktop\" style=\"height: 40px;\"><\/div>\n[vc_btn title=\u00a0\u00bbVoir tous nos produits\u00a0\u00bb style=\u00a0\u00bboutline-custom\u00a0\u00bb outline_custom_color=\u00a0\u00bb#555555&Prime; outline_custom_hover_background=\u00a0\u00bb\u00a0\u00bb outline_custom_hover_text=\u00a0\u00bb\u00a0\u00bb shape=\u00a0\u00bbsquare\u00a0\u00bb align=\u00a0\u00bbcenter\u00a0\u00bb link=\u00a0\u00bburl:%2Ffr%2Fboutique%2Fcaviars%2F\u00a0\u00bb]  <div class=\"empty-space empty-space-mobile\" style=\"height: 120px;\"><\/div>\n\n  <div class=\"empty-space empty-space-tablet\" style=\"height: 120px;\"><\/div>\n\n  <div class=\"empty-space empty-space-desktop\" style=\"height: 120px;\"><\/div>\n[\/vc_column][\/vc_row][vc_row full_width=\u00a0\u00bbstretch_row\u00a0\u00bb content_placement=\u00a0\u00bbmiddle\u00a0\u00bb css=\u00a0\u00bb.vc_custom_1614347901410{background-color: #f5f5f5 !important;}\u00a0\u00bb el_class=\u00a0\u00bballow-overflow\u00a0\u00bb][vc_column width=\u00a0\u00bb1\/2&Prime;][vc_single_image image=\u00a0\u00bb234&Prime; img_size=\u00a0\u00bbfull\u00a0\u00bb alignment=\u00a0\u00bbcenter\u00a0\u00bb css=\u00a0\u00bb.vc_custom_1619613129219{margin-top: -160px !important;margin-bottom: 0px !important;}\u00a0\u00bb][\/vc_column][vc_column width=\u00a0\u00bb1\/2&Prime;]<h2  class=\"cc-title cc-title-center \"\nstyle=\"\">\n  <span>La Compagnie des Saumons &amp; Caviars, d\u00e9positaire Petrossian<\/span>\n<\/h2>[vc_column_text]<\/p>\n<p style=\"text-align: center;\">Petrossian, institution fran\u00e7aise depuis pr\u00e8s de 100 ans, est la marque fran\u00e7aise de luxe (100% familiale) synonyme de caviar. Armen Petrossian a aussi \u00e9t\u00e9 le premier en France \u00e0 proposer du caviar d&rsquo;\u00e9levage en 1998. L\u2019origine lorsqu\u2019il s\u2019agit d\u2019\u00e9levage a peu ou pas d\u2019importance. Seules la qualit\u00e9 de l\u2019\u00e9levage, les esp\u00e8ces d\u2019esturgeon, et le savoir faire du caviarologue\u00ae en ont.<\/p>\n<p>[\/vc_column_text][\/vc_column][\/vc_row][vc_row full_width=\u00a0\u00bbstretch_row\u00a0\u00bb content_placement=\u00a0\u00bbmiddle\u00a0\u00bb][vc_column]  <div class=\"empty-space empty-space-mobile\" style=\"height: 40px;\"><\/div>\n\n  <div class=\"empty-space empty-space-tablet\" style=\"height: 40px;\"><\/div>\n\n  <div class=\"empty-space empty-space-desktop\" style=\"height: 60px;\"><\/div>\n[vc_row_inner content_placement=\u00a0\u00bbmiddle\u00a0\u00bb][vc_column_inner width=\u00a0\u00bb1\/2&Prime;]<h2  class=\"cc-title cc-title-center \"\nstyle=\"\">\n  <span>Nos boutiques<\/span>\n<\/h2>[vc_column_text]<\/p>\n<p style=\"text-align: center;\"><span style=\"font-size: 14pt;\"><strong>Cannes :<\/strong> 12 March\u00e9 Forville<\/span><br \/>\n<span style=\"font-size: 14pt;\"><strong>T\u00e9l\u00e9phone :<\/strong> <span id=\"1217431238\" class=\"text\">04 93 68 33 20<\/span><\/span><\/p>\n<p style=\"text-align: center;\">La Compagnie des Saumons et Caviars vous accueille sur la place du march\u00e9 Forville \u00e0 proximit\u00e9 du vieux port de Cannes :<br \/>\nles lundis de <strong>10h \u00e0 18h<\/strong> (octobre \u00e0 avril) et de <strong>8h \u00e0 18h <\/strong>(mai \u00e0 septembre)<br \/>\ndu mardi au samedi de <strong>8 h \u00e0 19h<\/strong>,<br \/>\nles dimanches et jours f\u00e9ri\u00e9s de <strong>8 h \u00e0 13 h<\/strong>.<\/p>\n<p style=\"text-align: center;\">Vous avez la possibilit\u00e9 de vous garer aux parkings Forville et Ferrage.<\/p>\n<p>[\/vc_column_text][vc_column_text]<\/p>\n<p style=\"text-align: center;\"><span style=\"font-size: 14pt;\"><strong>Nice :<\/strong> 11 Rue de la Libert\u00e9<\/span><br \/>\n<span style=\"font-size: 14pt;\"><strong>T\u00e9l\u00e9phone :<\/strong> <span id=\"1217431238\" class=\"text\">04 83 93 89 73<\/span><\/span><\/p>\n<p style=\"text-align: center;\">La Compagnie des Saumons et Caviars vous accueille du lundi au samedi de 10h30 \u00e0 19h00.<\/p>\n<div class=\"vc_separator wpb_content_element vc_separator_align_center vc_sep_width_100 vc_sep_pos_align_center vc_separator_no_text vc_custom_1566467018142 vc_custom_1566467018142\"><\/div>\n<p>[\/vc_column_text][\/vc_column_inner][vc_column_inner width=\u00a0\u00bb1\/2&Prime;]\n<div class=\"wpbakery-picture-overlay wpbakery-picture-overlay-layout2\" id=\"wpbakery_twhd3lsieilo\">\n  <div class=\"picture picture-1\"><div style=\"background-image: url('https:\/\/saumonetcaviar.com\/wp-content\/uploads\/2021\/06\/1-1920x1440.jpg');\"><\/div><\/div>\n  <div class=\"picture picture-2\"><div style=\"background-image: url('https:\/\/saumonetcaviar.com\/wp-content\/uploads\/2021\/06\/3-1920x1440.jpg');\"><\/div><\/div>\n<\/div>\n\n\n[\/vc_column_inner][\/vc_row_inner]  <div class=\"empty-space empty-space-mobile\" style=\"height: 75px;\"><\/div>\n\n  <div class=\"empty-space empty-space-tablet\" style=\"height: 75px;\"><\/div>\n\n  <div class=\"empty-space empty-space-desktop\" style=\"height: 95px;\"><\/div>\n[\/vc_column][\/vc_row][vc_row full_width=\u00a0\u00bbstretch_row\u00a0\u00bb][vc_column]  <div class=\"empty-space empty-space-mobile\" style=\"height: 15px;\"><\/div>\n\n  <div class=\"empty-space empty-space-tablet\" style=\"height: 15px;\"><\/div>\n\n  <div class=\"empty-space empty-space-desktop\" style=\"height: 25px;\"><\/div>\n  <div class=\"wpbakery-testimonials wpbakery-testimonials-layout2 owl-carousel owl-theme\" data-max-items=\"3\">\n                <div class=\"item\">\n        <div class=\"picture\"><img width=\"512\" height=\"512\" src=\"https:\/\/saumonetcaviar.com\/wp-content\/uploads\/2021\/02\/person.png\" class=\"attachment-post-thumbnail size-post-thumbnail wp-post-image\" alt=\"\" loading=\"lazy\" srcset=\"https:\/\/saumonetcaviar.com\/wp-content\/uploads\/2021\/02\/person.png 512w, https:\/\/saumonetcaviar.com\/wp-content\/uploads\/2021\/02\/person-300x300.png 300w, https:\/\/saumonetcaviar.com\/wp-content\/uploads\/2021\/02\/person-150x150.png 150w\" sizes=\"(max-width: 512px) 100vw, 512px\" \/><\/div>\n        <div class=\"stars\"><img src=\"https:\/\/saumonetcaviar.com\/wp-content\/plugins\/creactivecom\/\/assets\/images\/wpbakery\/5stars.png\" \/><\/div>\n        <div class=\"content\"><p>Des f\u00eates r\u00e9ussies&#8230; un saumon d&rsquo;\u00c9cosse finement tranch\u00e9. Le meilleur que nous ayons jamais mang\u00e9.<\/p>\n<\/div>\n        <div class=\"author\">\n          <h3 class=\"name\">Guy T.<\/h3>                  <\/div>\n      <\/div>\n                      <div class=\"item\">\n        <div class=\"picture\"><img width=\"512\" height=\"512\" src=\"https:\/\/saumonetcaviar.com\/wp-content\/uploads\/2021\/02\/person.png\" class=\"attachment-post-thumbnail size-post-thumbnail wp-post-image\" alt=\"\" loading=\"lazy\" srcset=\"https:\/\/saumonetcaviar.com\/wp-content\/uploads\/2021\/02\/person.png 512w, https:\/\/saumonetcaviar.com\/wp-content\/uploads\/2021\/02\/person-300x300.png 300w, https:\/\/saumonetcaviar.com\/wp-content\/uploads\/2021\/02\/person-150x150.png 150w\" sizes=\"(max-width: 512px) 100vw, 512px\" \/><\/div>\n        <div class=\"stars\"><img src=\"https:\/\/saumonetcaviar.com\/wp-content\/plugins\/creactivecom\/\/assets\/images\/wpbakery\/5stars.png\" \/><\/div>\n        <div class=\"content\"><p>Equipe souriante et agr\u00e9able ainsi que des produits toujours au top !<br \/>\nJe recommande.<\/p>\n<\/div>\n        <div class=\"author\">\n          <h3 class=\"name\">Staz B.<\/h3>                  <\/div>\n      <\/div>\n                      <div class=\"item\">\n        <div class=\"picture\"><img width=\"512\" height=\"512\" src=\"https:\/\/saumonetcaviar.com\/wp-content\/uploads\/2021\/02\/person.png\" class=\"attachment-post-thumbnail size-post-thumbnail wp-post-image\" alt=\"\" loading=\"lazy\" srcset=\"https:\/\/saumonetcaviar.com\/wp-content\/uploads\/2021\/02\/person.png 512w, https:\/\/saumonetcaviar.com\/wp-content\/uploads\/2021\/02\/person-300x300.png 300w, https:\/\/saumonetcaviar.com\/wp-content\/uploads\/2021\/02\/person-150x150.png 150w\" sizes=\"(max-width: 512px) 100vw, 512px\" \/><\/div>\n        <div class=\"stars\"><img src=\"https:\/\/saumonetcaviar.com\/wp-content\/plugins\/creactivecom\/\/assets\/images\/wpbakery\/5stars.png\" \/><\/div>\n        <div class=\"content\"><div class=\"jxjCjc\">\n<div>\n<div class=\"Jtu6Td\">Une adresse incontournable \u00e0 Cannes pour les adeptes de saumon et caviar ! Des produits de qualit\u00e9 et un accueil tr\u00e8s chaleureux. Je recommande cette \u00e9picerie fine sans h\u00e9sitation.<\/div>\n<\/div>\n<\/div>\n<\/div>\n        <div class=\"author\">\n          <h3 class=\"name\">Anissa Z.<\/h3>                  <\/div>\n      <\/div>\n            <\/div>\n  <div class=\"empty-space empty-space-mobile\" style=\"height: 50px;\"><\/div>\n\n  <div class=\"empty-space empty-space-tablet\" style=\"height: 50px;\"><\/div>\n\n  <div class=\"empty-space empty-space-desktop\" style=\"height: 60px;\"><\/div>\n[\/vc_column][\/vc_row]<\/p>\n","protected":false},"excerpt":{"rendered":"<p>[vc_row full_width=\u00a0\u00bbstretch_row_content_no_spaces\u00a0\u00bb][vc_column][\/vc_column][\/vc_row][vc_row][vc_column][\/vc_column][\/vc_row][vc_row full_width=\u00a0\u00bbstretch_row\u00a0\u00bb css=\u00a0\u00bb.vc_custom_1669041000812{background-color: #f5f5f5 !important;}\u00a0\u00bb][vc_column width=\u00a0\u00bb1\/2&Prime;][vc_single_image image=\u00a0\u00bb600&Prime; img_size=\u00a0\u00bbbig\u00a0\u00bb][\/vc_column][vc_column width=\u00a0\u00bb1\/2&Prime;][vc_column_text] Faites plaisir \u00e0 vos proches avec un ch\u00e8que cadeau afin [&hellip;]<\/p>\n","protected":false},"author":1,"featured_media":0,"parent":0,"menu_order":0,"comment_status":"closed","ping_status":"closed","template":"","meta":[],"yoast_head":"<!-- This site is optimized with the Yoast SEO plugin v16.4 - https:\/\/yoast.com\/wordpress\/plugins\/seo\/ -->\n<title>Accueil - La Compagnie des Saumons &amp; Caviars<\/title>\n<meta name=\"robots\" content=\"index, follow, max-snippet:-1, max-image-preview:large, max-video-preview:-1\" \/>\n<link rel=\"canonical\" href=\"https:\/\/saumonetcaviar.com\/fr\/\" \/>\n<meta property=\"og:locale\" content=\"fr_FR\" \/>\n<meta property=\"og:type\" content=\"article\" \/>\n<meta property=\"og:title\" content=\"Accueil - La Compagnie des Saumons &amp; Caviars\" \/>\n<meta property=\"og:description\" content=\"[vc_row full_width=\u00a0\u00bbstretch_row_content_no_spaces\u00a0\u00bb][vc_column][\/vc_column][\/vc_row][vc_row][vc_column][\/vc_column][\/vc_row][vc_row full_width=\u00a0\u00bbstretch_row\u00a0\u00bb css=\u00a0\u00bb.vc_custom_1669041000812{background-color: #f5f5f5 !important;}\u00a0\u00bb][vc_column width=\u00a0\u00bb1\/2&Prime;][vc_single_image image=\u00a0\u00bb600&Prime; img_size=\u00a0\u00bbbig\u00a0\u00bb][\/vc_column][vc_column width=\u00a0\u00bb1\/2&Prime;][vc_column_text] Faites plaisir \u00e0 vos proches avec un ch\u00e8que cadeau afin [&hellip;]\" \/>\n<meta property=\"og:url\" content=\"https:\/\/saumonetcaviar.com\/fr\/\" \/>\n<meta property=\"og:site_name\" content=\"La Compagnie des Saumons &amp; Caviars\" \/>\n<meta property=\"article:modified_time\" content=\"2024-10-16T16:04:25+00:00\" \/>\n<meta name=\"twitter:card\" content=\"summary_large_image\" \/>\n<meta name=\"twitter:label1\" content=\"Dur\u00e9e de lecture est.\" \/>\n\t<meta name=\"twitter:data1\" content=\"2 minutes\" \/>\n<script type=\"application\/ld+json\" class=\"yoast-schema-graph\">{\"@context\":\"https:\/\/schema.org\",\"@graph\":[{\"@type\":\"WebSite\",\"@id\":\"https:\/\/peperoni.comkey.net\/fr\/#website\",\"url\":\"https:\/\/peperoni.comkey.net\/fr\/\",\"name\":\"La Compagnie des Saumons &amp; Caviars\",\"description\":\"\",\"potentialAction\":[{\"@type\":\"SearchAction\",\"target\":\"https:\/\/peperoni.comkey.net\/fr\/?s={search_term_string}\",\"query-input\":\"required name=search_term_string\"}],\"inLanguage\":\"fr-FR\"},{\"@type\":\"WebPage\",\"@id\":\"https:\/\/saumonetcaviar.com\/fr\/#webpage\",\"url\":\"https:\/\/saumonetcaviar.com\/fr\/\",\"name\":\"Accueil - La Compagnie des Saumons &amp; Caviars\",\"isPartOf\":{\"@id\":\"https:\/\/peperoni.comkey.net\/fr\/#website\"},\"datePublished\":\"2019-09-05T07:24:59+00:00\",\"dateModified\":\"2024-10-16T16:04:25+00:00\",\"breadcrumb\":{\"@id\":\"https:\/\/saumonetcaviar.com\/fr\/#breadcrumb\"},\"inLanguage\":\"fr-FR\",\"potentialAction\":[{\"@type\":\"ReadAction\",\"target\":[\"https:\/\/saumonetcaviar.com\/fr\/\"]}]},{\"@type\":\"BreadcrumbList\",\"@id\":\"https:\/\/saumonetcaviar.com\/fr\/#breadcrumb\",\"itemListElement\":[{\"@type\":\"ListItem\",\"position\":1,\"item\":{\"@type\":\"WebPage\",\"@id\":\"https:\/\/saumonetcaviar.com\/fr\/\",\"url\":\"https:\/\/saumonetcaviar.com\/fr\/\",\"name\":\"Accueil\"}},{\"@type\":\"ListItem\",\"position\":2,\"item\":{\"@id\":\"https:\/\/saumonetcaviar.com\/fr\/#webpage\"}}]}]}<\/script>\n<!-- \/ Yoast SEO plugin. -->","_links":{"self":[{"href":"https:\/\/saumonetcaviar.com\/fr\/wp-json\/wp\/v2\/pages\/6"}],"collection":[{"href":"https:\/\/saumonetcaviar.com\/fr\/wp-json\/wp\/v2\/pages"}],"about":[{"href":"https:\/\/saumonetcaviar.com\/fr\/wp-json\/wp\/v2\/types\/page"}],"author":[{"embeddable":true,"href":"https:\/\/saumonetcaviar.com\/fr\/wp-json\/wp\/v2\/users\/1"}],"replies":[{"embeddable":true,"href":"https:\/\/saumonetcaviar.com\/fr\/wp-json\/wp\/v2\/comments?post=6"}],"version-history":[{"count":71,"href":"https:\/\/saumonetcaviar.com\/fr\/wp-json\/wp\/v2\/pages\/6\/revisions"}],"predecessor-version":[{"id":627,"href":"https:\/\/saumonetcaviar.com\/fr\/wp-json\/wp\/v2\/pages\/6\/revisions\/627"}],"wp:attachment":[{"href":"https:\/\/saumonetcaviar.com\/fr\/wp-json\/wp\/v2\/media?parent=6"}],"curies":[{"name":"wp","href":"https:\/\/api.w.org\/{rel}","templated":true}]}}