{"id":12,"date":"2021-02-26T10:29:41","date_gmt":"2021-02-26T09:29:41","guid":{"rendered":"https:\/\/saumonetcaviar.com\/?page_id=12"},"modified":"2021-08-17T11:08:20","modified_gmt":"2021-08-17T09:08:20","slug":"livraison","status":"publish","type":"page","link":"https:\/\/saumonetcaviar.com\/fr\/livraison\/","title":{"rendered":"Livraison"},"content":{"rendered":"<p>[vc_row][vc_column]  <div class=\"empty-space empty-space-mobile\" style=\"height: 40px;\"><\/div>\n\n  <div class=\"empty-space empty-space-tablet\" style=\"height: 80px;\"><\/div>\n\n  <div class=\"empty-space empty-space-desktop\" style=\"height: 80px;\"><\/div>\n[\/vc_column][\/vc_row][vc_row full_width=\u00a0\u00bbstretch_row_content\u00a0\u00bb content_placement=\u00a0\u00bbbottom\u00a0\u00bb css=\u00a0\u00bb.vc_custom_1621446325580{background-color: #f5f5f5 !important;}\u00a0\u00bb el_class=\u00a0\u00bballow-overflow\u00a0\u00bb][vc_column width=\u00a0\u00bb1\/2&Prime;][vc_single_image image=\u00a0\u00bb358&Prime; img_size=\u00a0\u00bbfull\u00a0\u00bb css=\u00a0\u00bb.vc_custom_1621446112945{margin-top: -190px !important;margin-bottom: 0px !important;}\u00a0\u00bb][\/vc_column][vc_column width=\u00a0\u00bb1\/2&Prime;]  <div class=\"empty-space empty-space-mobile\" style=\"height: 10px;\"><\/div>\n\n  <div class=\"empty-space empty-space-tablet\" style=\"height: 20px;\"><\/div>\n\n  <div class=\"empty-space empty-space-desktop\" style=\"height: 20px;\"><\/div>\n[vc_row_inner][vc_column_inner width=\u00a0\u00bb2\/3&Prime;]<h2  class=\"cc-title cc-title-center \"\nstyle=\"\">\n  <span>Livraison \u00e0 domicile<\/span>\n<\/h2>[vc_column_text]<\/p>\n<p style=\"text-align: center;\">Afin de toujours vous servir au mieux, votre magasin \u00ab La Compagnie des Saumons et Caviars \u00bb vous propose un service de livraison \u00e0 domicile.\u2028\u2028 Les commandes doivent \u00eatre pass\u00e9 24H \u00e0 l\u2019avance et les livraisons sont effectu\u00e9es du mardi au vendredi.<\/p>\n<p style=\"text-align: center;\">Tous les saumons sont tranch\u00e9s main et mis sous vide par nos soins en boutique (conservation 7 jours).<\/p>\n<p>[\/vc_column_text][vc_btn title=\u00a0\u00bbEn savoir plus\u00a0\u00bb shape=\u00a0\u00bbsquare\u00a0\u00bb color=\u00a0\u00bbcc-color1&Prime; align=\u00a0\u00bbcenter\u00a0\u00bb link=\u00a0\u00bburl:%2Ffr%2Fcontact%2F\u00a0\u00bb][\/vc_column_inner][vc_column_inner width=\u00a0\u00bb1\/3&Prime;][\/vc_column_inner][\/vc_row_inner]  <div class=\"empty-space empty-space-mobile\" style=\"height: 10px;\"><\/div>\n\n  <div class=\"empty-space empty-space-tablet\" style=\"height: 20px;\"><\/div>\n\n  <div class=\"empty-space empty-space-desktop\" style=\"height: 20px;\"><\/div>\n[\/vc_column][\/vc_row][vc_row][vc_column]  <div class=\"empty-space empty-space-mobile\" style=\"height: 30px;\"><\/div>\n\n  <div class=\"empty-space empty-space-tablet\" style=\"height: 90px;\"><\/div>\n\n  <div class=\"empty-space empty-space-desktop\" style=\"height: 90px;\"><\/div>\n[\/vc_column][\/vc_row][vc_row gap=\u00a0\u00bb30&Prime;][vc_column width=\u00a0\u00bb1\/2&Prime;]<h3  class=\"cc-title cc-title-left \"\nstyle=\"\">\n  <span>Zone 1 : Cannes, Le Cannet<\/span>\n<\/h3><div class=\"wpbakery-info-list wpbakery-info-list-layout2\" id=\"wpbakery_kjy0rqjimxjj\">\n            <div class=\"item\">\n                <div class=\"title\">Minimum de commande : 30 \u20ac<\/div>\n        <div class=\"text\">Frais de livraison : 10 \u20ac<\/div>\n      <\/div>\n                <div class=\"item\">\n                <div class=\"title\">100 \u20ac et plus<\/div>\n        <div class=\"text\">Livraison offerte<\/div>\n      <\/div>\n                                                      <\/div>[vc_empty_space height=\u00a0\u00bb48px\u00a0\u00bb]<h3  class=\"cc-title cc-title-left \"\nstyle=\"\">\n  <span>Zone 2 : Antibes, Mandelieu, Mougins, Vallauris...<\/span>\n<\/h3><div class=\"wpbakery-info-list wpbakery-info-list-layout2\" id=\"wpbakery_oalavukb4ncd\">\n            <div class=\"item\">\n                <div class=\"title\">Minimum de commande : 100 \u20ac<\/div>\n        <div class=\"text\">Frais de livraison : 20 \u20ac<\/div>\n      <\/div>\n                <div class=\"item\">\n                <div class=\"title\">250 \u20ac et plus<\/div>\n        <div class=\"text\">Livraison offerte<\/div>\n      <\/div>\n                                                      <\/div>[vc_empty_space height=\u00a0\u00bb48px\u00a0\u00bb]<h3  class=\"cc-title cc-title-left \"\nstyle=\"\">\n  <span>Zone 2 : Nice, Fr\u00e9jus, Monaco<\/span>\n<\/h3><div class=\"wpbakery-info-list wpbakery-info-list-layout2\" id=\"wpbakery_e4hpa1bpr6ae\">\n            <div class=\"item\">\n                <div class=\"title\">Minimum de commande : 250 \u20ac<\/div>\n        <div class=\"text\">Frais de livraison : 20 \u20ac<\/div>\n      <\/div>\n                <div class=\"item\">\n                <div class=\"title\">500 \u20ac et plus<\/div>\n        <div class=\"text\">Livraison offerte<\/div>\n      <\/div>\n                                                      <\/div>[\/vc_column][vc_column width=\u00a0\u00bb1\/2&Prime;]  <div class=\"empty-space empty-space-mobile\" style=\"height: 20px;\"><\/div>\n\n  <div class=\"empty-space empty-space-tablet\" style=\"height: 50px;\"><\/div>\n\n  <div class=\"empty-space empty-space-desktop\" style=\"height: 50px;\"><\/div>\n<h2  class=\"cc-title cc-title-center \"\nstyle=\"\">\n  <span>Pour passer commande<\/span>\n<\/h2>[vc_row_inner equal_height=\u00a0\u00bbyes\u00a0\u00bb content_placement=\u00a0\u00bbmiddle\u00a0\u00bb][vc_column_inner width=\u00a0\u00bb1\/5&Prime;][\/vc_column_inner][vc_column_inner width=\u00a0\u00bb1\/5&Prime;][vc_icon icon_fontawesome=\u00a0\u00bbfas fa-envelope\u00a0\u00bb align=\u00a0\u00bbright\u00a0\u00bb][\/vc_column_inner][vc_column_inner width=\u00a0\u00bb2\/5&Prime;][vc_column_text]saumonetcaviar@gmail.com[\/vc_column_text][\/vc_column_inner][vc_column_inner width=\u00a0\u00bb1\/5&Prime;][\/vc_column_inner][\/vc_row_inner][vc_row_inner equal_height=\u00a0\u00bbyes\u00a0\u00bb content_placement=\u00a0\u00bbmiddle\u00a0\u00bb][vc_column_inner width=\u00a0\u00bb1\/5&Prime;][\/vc_column_inner][vc_column_inner width=\u00a0\u00bb1\/5&Prime;][vc_icon icon_fontawesome=\u00a0\u00bbfas fa-phone-alt\u00a0\u00bb align=\u00a0\u00bbright\u00a0\u00bb][\/vc_column_inner][vc_column_inner width=\u00a0\u00bb2\/5&Prime;][vc_column_text]04 93 68 33 20[\/vc_column_text][\/vc_column_inner][vc_column_inner width=\u00a0\u00bb1\/5&Prime;][\/vc_column_inner][\/vc_row_inner][\/vc_column][\/vc_row][vc_row][vc_column]  <div class=\"empty-space empty-space-mobile\" style=\"height: 30px;\"><\/div>\n\n  <div class=\"empty-space empty-space-tablet\" style=\"height: 90px;\"><\/div>\n\n  <div class=\"empty-space empty-space-desktop\" style=\"height: 90px;\"><\/div>\n[\/vc_column][\/vc_row][vc_row full_width=\u00a0\u00bbstretch_row\u00a0\u00bb parallax=\u00a0\u00bbcontent-moving\u00a0\u00bb css=\u00a0\u00bb.vc_custom_1621447237975{background-color: #f5f5f5 !important;background-position: center;background-repeat: no-repeat !important;background-size: cover !important;}\u00a0\u00bb][vc_column]  <div class=\"empty-space empty-space-mobile\" style=\"height: 60px;\"><\/div>\n\n  <div class=\"empty-space empty-space-tablet\" style=\"height: 60px;\"><\/div>\n\n  <div class=\"empty-space empty-space-desktop\" style=\"height: 100px;\"><\/div>\n<h2  class=\"cc-title cc-title-center \"\nstyle=\"\">\n  <span>Nos id\u00e9es de paniers pr\u00e9par\u00e9s<\/span>\n<\/h2>[vc_row_inner][vc_column_inner width=\u00a0\u00bb1\/3&Prime;][vc_column_text]<\/p>\n<p class=\"text-align-center\"><strong>LE PANIER SAUMON : 50 EUROS<\/strong><\/p>\n<p>4 tranches de Saumon \u00c9cosse<br \/>\n200gr Tarama Classique<br \/>\n1 paquet de 4 Grands Blinis[\/vc_column_text][\/vc_column_inner][vc_column_inner width=\u00a0\u00bb1\/3&Prime;][vc_column_text]<\/p>\n<p class=\"text-align-center size-17 m-size-12\"><strong><span class=\"font-size-17 m-font-size-12\">LE PANIER CAVIAR DUO : 250 EUROS<\/span><\/strong><\/p>\n<p>2 bo\u00eetes de 30gr Osci\u00e8tre Imp\u00e9ral<br \/>\n4 tranches de Saumon Royal<br \/>\n200gr Tarama Classique<br \/>\n125gr \u0152ufs de Saumon Royal<br \/>\n1 paquet de 4 Grands Blinis<br \/>\n1 paquet de 18 Petits Blinis[\/vc_column_text][\/vc_column_inner][vc_column_inner width=\u00a0\u00bb1\/3&Prime;][vc_column_text]<\/p>\n<p class=\"text-align-center\"><strong>LE PANIER PREMIUM : 500 EUROS<\/strong><\/p>\n<p><span class=\"font-size-17 m-font-size-12\">1 bo\u00eete de 125gr Osci\u00e8tre Imp\u00e9ral<br \/>\n<\/span><span class=\"font-size-17 m-font-size-12\">4 tranches de Saumon Royal<br \/>\n<\/span><span class=\"font-size-17 m-font-size-12\">200gr Tarama Classique<br \/>\n<\/span><span class=\"font-size-17 m-font-size-12\">1 verrine de Tarama au Caviar<br \/>\n<\/span><span class=\"font-size-17 m-font-size-12\">125gr \u0152ufs de Saumon Royal<br \/>\n<\/span>1 paquet de 4 Grands Blinis<br \/>\n1 paquet de 18 Petits Blinis<br \/>\n<span class=\"font-size-17 m-font-size-12\">200gr Pattes de Crabe Royal<br \/>\n<\/span><span class=\"font-size-17 m-font-size-12\">1 Vodka 50cl Petrossian<\/span>[\/vc_column_text][\/vc_column_inner][\/vc_row_inner]  <div class=\"empty-space empty-space-mobile\" style=\"height: 60px;\"><\/div>\n\n  <div class=\"empty-space empty-space-tablet\" style=\"height: 60px;\"><\/div>\n\n  <div class=\"empty-space empty-space-desktop\" style=\"height: 100px;\"><\/div>\n[\/vc_column][\/vc_row][vc_row][vc_column]  <div class=\"empty-space empty-space-mobile\" style=\"height: 50px;\"><\/div>\n\n  <div class=\"empty-space empty-space-tablet\" style=\"height: 50px;\"><\/div>\n\n  <div class=\"empty-space empty-space-desktop\" style=\"height: 50px;\"><\/div>\n  <div class=\"wpbakery-testimonials wpbakery-testimonials-layout2 owl-carousel owl-theme\" data-max-items=\"3\">\n                <div class=\"item\">\n        <div class=\"picture\"><img width=\"512\" height=\"512\" src=\"https:\/\/saumonetcaviar.com\/wp-content\/uploads\/2021\/02\/person.png\" class=\"attachment-post-thumbnail size-post-thumbnail wp-post-image\" alt=\"\" loading=\"lazy\" srcset=\"https:\/\/saumonetcaviar.com\/wp-content\/uploads\/2021\/02\/person.png 512w, https:\/\/saumonetcaviar.com\/wp-content\/uploads\/2021\/02\/person-300x300.png 300w, https:\/\/saumonetcaviar.com\/wp-content\/uploads\/2021\/02\/person-150x150.png 150w\" sizes=\"(max-width: 512px) 100vw, 512px\" \/><\/div>\n        <div class=\"stars\"><img src=\"https:\/\/saumonetcaviar.com\/wp-content\/plugins\/creactivecom\/\/assets\/images\/wpbakery\/5stars.png\" \/><\/div>\n        <div class=\"content\"><p>Des f\u00eates r\u00e9ussies&#8230; un saumon d&rsquo;\u00c9cosse finement tranch\u00e9. Le meilleur que nous ayons jamais mang\u00e9.<\/p>\n<\/div>\n        <div class=\"author\">\n          <h3 class=\"name\">Guy T.<\/h3>                  <\/div>\n      <\/div>\n                      <div class=\"item\">\n        <div class=\"picture\"><img width=\"512\" height=\"512\" src=\"https:\/\/saumonetcaviar.com\/wp-content\/uploads\/2021\/02\/person.png\" class=\"attachment-post-thumbnail size-post-thumbnail wp-post-image\" alt=\"\" loading=\"lazy\" srcset=\"https:\/\/saumonetcaviar.com\/wp-content\/uploads\/2021\/02\/person.png 512w, https:\/\/saumonetcaviar.com\/wp-content\/uploads\/2021\/02\/person-300x300.png 300w, https:\/\/saumonetcaviar.com\/wp-content\/uploads\/2021\/02\/person-150x150.png 150w\" sizes=\"(max-width: 512px) 100vw, 512px\" \/><\/div>\n        <div class=\"stars\"><img src=\"https:\/\/saumonetcaviar.com\/wp-content\/plugins\/creactivecom\/\/assets\/images\/wpbakery\/5stars.png\" \/><\/div>\n        <div class=\"content\"><p>Equipe souriante et agr\u00e9able ainsi que des produits toujours au top !<br \/>\nJe recommande.<\/p>\n<\/div>\n        <div class=\"author\">\n          <h3 class=\"name\">Staz B.<\/h3>                  <\/div>\n      <\/div>\n                      <div class=\"item\">\n        <div class=\"picture\"><img width=\"512\" height=\"512\" src=\"https:\/\/saumonetcaviar.com\/wp-content\/uploads\/2021\/02\/person.png\" class=\"attachment-post-thumbnail size-post-thumbnail wp-post-image\" alt=\"\" loading=\"lazy\" srcset=\"https:\/\/saumonetcaviar.com\/wp-content\/uploads\/2021\/02\/person.png 512w, https:\/\/saumonetcaviar.com\/wp-content\/uploads\/2021\/02\/person-300x300.png 300w, https:\/\/saumonetcaviar.com\/wp-content\/uploads\/2021\/02\/person-150x150.png 150w\" sizes=\"(max-width: 512px) 100vw, 512px\" \/><\/div>\n        <div class=\"stars\"><img src=\"https:\/\/saumonetcaviar.com\/wp-content\/plugins\/creactivecom\/\/assets\/images\/wpbakery\/5stars.png\" \/><\/div>\n        <div class=\"content\"><div class=\"jxjCjc\">\n<div>\n<div class=\"Jtu6Td\">Une adresse incontournable \u00e0 Cannes pour les adeptes de saumon et caviar ! Des produits de qualit\u00e9 et un accueil tr\u00e8s chaleureux. Je recommande cette \u00e9picerie fine sans h\u00e9sitation.<\/div>\n<\/div>\n<\/div>\n<\/div>\n        <div class=\"author\">\n          <h3 class=\"name\">Anissa Z.<\/h3>                  <\/div>\n      <\/div>\n            <\/div>\n  <div class=\"empty-space empty-space-mobile\" style=\"height: 50px;\"><\/div>\n\n  <div class=\"empty-space empty-space-tablet\" style=\"height: 50px;\"><\/div>\n\n  <div class=\"empty-space empty-space-desktop\" style=\"height: 50px;\"><\/div>\n[\/vc_column][\/vc_row]<\/p>\n","protected":false},"excerpt":{"rendered":"<p>[vc_row][vc_column][\/vc_column][\/vc_row][vc_row full_width=\u00a0\u00bbstretch_row_content\u00a0\u00bb content_placement=\u00a0\u00bbbottom\u00a0\u00bb css=\u00a0\u00bb.vc_custom_1621446325580{background-color: #f5f5f5 !important;}\u00a0\u00bb el_class=\u00a0\u00bballow-overflow\u00a0\u00bb][vc_column width=\u00a0\u00bb1\/2&Prime;][vc_single_image image=\u00a0\u00bb358&Prime; img_size=\u00a0\u00bbfull\u00a0\u00bb css=\u00a0\u00bb.vc_custom_1621446112945{margin-top: -190px !important;margin-bottom: 0px !important;}\u00a0\u00bb][\/vc_column][vc_column width=\u00a0\u00bb1\/2&Prime;][vc_row_inner][vc_column_inner width=\u00a0\u00bb2\/3&Prime;][vc_column_text] Afin de toujours [&hellip;]<\/p>\n","protected":false},"author":1,"featured_media":207,"parent":0,"menu_order":0,"comment_status":"closed","ping_status":"closed","template":"","meta":[],"yoast_head":"<!-- This site is optimized with the Yoast SEO plugin v16.4 - https:\/\/yoast.com\/wordpress\/plugins\/seo\/ -->\n<title>Livraison - La Compagnie des Saumons &amp; Caviars<\/title>\n<meta name=\"robots\" content=\"index, follow, max-snippet:-1, max-image-preview:large, max-video-preview:-1\" \/>\n<link rel=\"canonical\" href=\"https:\/\/saumonetcaviar.com\/fr\/livraison\/\" \/>\n<meta property=\"og:locale\" content=\"fr_FR\" \/>\n<meta property=\"og:type\" content=\"article\" \/>\n<meta property=\"og:title\" content=\"Livraison - La Compagnie des Saumons &amp; Caviars\" \/>\n<meta property=\"og:description\" content=\"[vc_row][vc_column][\/vc_column][\/vc_row][vc_row full_width=\u00a0\u00bbstretch_row_content\u00a0\u00bb content_placement=\u00a0\u00bbbottom\u00a0\u00bb css=\u00a0\u00bb.vc_custom_1621446325580{background-color: #f5f5f5 !important;}\u00a0\u00bb el_class=\u00a0\u00bballow-overflow\u00a0\u00bb][vc_column width=\u00a0\u00bb1\/2&Prime;][vc_single_image image=\u00a0\u00bb358&Prime; img_size=\u00a0\u00bbfull\u00a0\u00bb css=\u00a0\u00bb.vc_custom_1621446112945{margin-top: -190px !important;margin-bottom: 0px !important;}\u00a0\u00bb][\/vc_column][vc_column width=\u00a0\u00bb1\/2&Prime;][vc_row_inner][vc_column_inner width=\u00a0\u00bb2\/3&Prime;][vc_column_text] Afin de toujours [&hellip;]\" \/>\n<meta property=\"og:url\" content=\"https:\/\/saumonetcaviar.com\/fr\/livraison\/\" \/>\n<meta property=\"og:site_name\" content=\"La Compagnie des Saumons &amp; Caviars\" \/>\n<meta property=\"article:modified_time\" content=\"2021-08-17T09:08:20+00:00\" \/>\n<meta property=\"og:image\" content=\"https:\/\/saumonetcaviar.com\/wp-content\/uploads\/2021\/04\/saumon-caviar-cannes.jpg\" \/>\n\t<meta property=\"og:image:width\" content=\"1920\" \/>\n\t<meta property=\"og:image:height\" content=\"1080\" \/>\n<meta name=\"twitter:card\" content=\"summary_large_image\" \/>\n<meta name=\"twitter:label1\" content=\"Dur\u00e9e de lecture est.\" \/>\n\t<meta name=\"twitter:data1\" content=\"2 minutes\" \/>\n<script type=\"application\/ld+json\" class=\"yoast-schema-graph\">{\"@context\":\"https:\/\/schema.org\",\"@graph\":[{\"@type\":\"WebSite\",\"@id\":\"https:\/\/peperoni.comkey.net\/fr\/#website\",\"url\":\"https:\/\/peperoni.comkey.net\/fr\/\",\"name\":\"La Compagnie des Saumons &amp; Caviars\",\"description\":\"\",\"potentialAction\":[{\"@type\":\"SearchAction\",\"target\":\"https:\/\/peperoni.comkey.net\/fr\/?s={search_term_string}\",\"query-input\":\"required name=search_term_string\"}],\"inLanguage\":\"fr-FR\"},{\"@type\":\"ImageObject\",\"@id\":\"https:\/\/saumonetcaviar.com\/fr\/livraison\/#primaryimage\",\"inLanguage\":\"fr-FR\",\"url\":\"https:\/\/saumonetcaviar.com\/wp-content\/uploads\/2021\/04\/saumon-caviar-cannes.jpg\",\"contentUrl\":\"https:\/\/saumonetcaviar.com\/wp-content\/uploads\/2021\/04\/saumon-caviar-cannes.jpg\",\"width\":1920,\"height\":1080},{\"@type\":\"WebPage\",\"@id\":\"https:\/\/saumonetcaviar.com\/fr\/livraison\/#webpage\",\"url\":\"https:\/\/saumonetcaviar.com\/fr\/livraison\/\",\"name\":\"Livraison - La Compagnie des Saumons &amp; Caviars\",\"isPartOf\":{\"@id\":\"https:\/\/peperoni.comkey.net\/fr\/#website\"},\"primaryImageOfPage\":{\"@id\":\"https:\/\/saumonetcaviar.com\/fr\/livraison\/#primaryimage\"},\"datePublished\":\"2021-02-26T09:29:41+00:00\",\"dateModified\":\"2021-08-17T09:08:20+00:00\",\"breadcrumb\":{\"@id\":\"https:\/\/saumonetcaviar.com\/fr\/livraison\/#breadcrumb\"},\"inLanguage\":\"fr-FR\",\"potentialAction\":[{\"@type\":\"ReadAction\",\"target\":[\"https:\/\/saumonetcaviar.com\/fr\/livraison\/\"]}]},{\"@type\":\"BreadcrumbList\",\"@id\":\"https:\/\/saumonetcaviar.com\/fr\/livraison\/#breadcrumb\",\"itemListElement\":[{\"@type\":\"ListItem\",\"position\":1,\"item\":{\"@type\":\"WebPage\",\"@id\":\"https:\/\/saumonetcaviar.com\/fr\/\",\"url\":\"https:\/\/saumonetcaviar.com\/fr\/\",\"name\":\"Accueil\"}},{\"@type\":\"ListItem\",\"position\":2,\"item\":{\"@id\":\"https:\/\/saumonetcaviar.com\/fr\/livraison\/#webpage\"}}]}]}<\/script>\n<!-- \/ Yoast SEO plugin. -->","_links":{"self":[{"href":"https:\/\/saumonetcaviar.com\/fr\/wp-json\/wp\/v2\/pages\/12"}],"collection":[{"href":"https:\/\/saumonetcaviar.com\/fr\/wp-json\/wp\/v2\/pages"}],"about":[{"href":"https:\/\/saumonetcaviar.com\/fr\/wp-json\/wp\/v2\/types\/page"}],"author":[{"embeddable":true,"href":"https:\/\/saumonetcaviar.com\/fr\/wp-json\/wp\/v2\/users\/1"}],"replies":[{"embeddable":true,"href":"https:\/\/saumonetcaviar.com\/fr\/wp-json\/wp\/v2\/comments?post=12"}],"version-history":[{"count":39,"href":"https:\/\/saumonetcaviar.com\/fr\/wp-json\/wp\/v2\/pages\/12\/revisions"}],"predecessor-version":[{"id":15,"href":"https:\/\/saumonetcaviar.com\/fr\/wp-json\/wp\/v2\/pages\/12\/revisions\/15"}],"wp:featuredmedia":[{"embeddable":true,"href":"https:\/\/saumonetcaviar.com\/fr\/wp-json\/wp\/v2\/media\/207"}],"wp:attachment":[{"href":"https:\/\/saumonetcaviar.com\/fr\/wp-json\/wp\/v2\/media?parent=12"}],"curies":[{"name":"wp","href":"https:\/\/api.w.org\/{rel}","templated":true}]}}